{"id":16861,"date":"2017-12-25T15:50:05","date_gmt":"2017-12-25T13:50:05","guid":{"rendered":"https:\/\/greentechbuy.com\/qui-sommes-nous\/"},"modified":"2020-03-07T20:17:11","modified_gmt":"2020-03-07T18:17:11","slug":"qui-sommes-nous","status":"publish","type":"page","link":"https:\/\/greentechbuy.com\/fr\/qui-sommes-nous\/","title":{"rendered":"Green Tech Buy"},"content":{"rendered":"<section class=\"wpb-content-wrapper\"><p>[vc_row css_animation=\u00a0\u00bb\u00a0\u00bb row_type=\u00a0\u00bbrow\u00a0\u00bb use_row_as_full_screen_section=\u00a0\u00bbno\u00a0\u00bb type=\u00a0\u00bbgrid\u00a0\u00bb angled_section=\u00a0\u00bbno\u00a0\u00bb text_align=\u00a0\u00bbleft\u00a0\u00bb background_image_as_pattern=\u00a0\u00bbwithout_pattern\u00a0\u00bb background_color=\u00a0\u00bb#ffffff\u00a0\u00bb border_color=\u00a0\u00bb#ffffff\u00a0\u00bb z_index=\u00a0\u00bb\u00a0\u00bb][vc_column][vc_empty_space height=\u00a0\u00bb40px\u00a0\u00bb]\t\t\t<script src=\"\/\/greentechbuy.com\/wp-content\/plugins\/revslider\/public\/assets\/js\/rbtools.min.js?rev=6.6.12\"><\/script>\n\t\t\t<script src=\"\/\/greentechbuy.com\/wp-content\/plugins\/revslider\/public\/assets\/js\/rs6.min.js?rev=6.6.12\"><\/script>\n\n\t\t\t<!-- START Slider GTB REVOLUTION SLIDER 6.6.12 --><p class=\"rs-p-wp-fix\"><\/p>\n\t\t\t<rs-module-wrap id=\"rev_slider_2_1_wrapper\" data-source=\"gallery\" style=\"visibility:hidden;background:#ffffff;padding:0;margin:0px auto;margin-top:0;margin-bottom:0;\">\n\t\t\t\t<rs-module id=\"rev_slider_2_1\" style=\"\" data-version=\"6.6.12\">\n\t\t\t\t\t<rs-slides style=\"overflow: hidden; position: absolute;\">\n\t\t\t\t\t\t<rs-slide style=\"position: absolute;\" data-key=\"rs-4\" data-title=\"Slide\" data-thumb=\"\/\/greentechbuy.com\/wp-content\/uploads\/2018\/01\/slider_gtb_1-100x50.jpg\" data-anim=\"adpr:false;\">\n\t\t\t\t\t\t\t<img src=\"\/\/greentechbuy.com\/wp-content\/plugins\/revslider\/public\/assets\/assets\/dummy.png\" alt=\"\" title=\"Green Tech Buy\" class=\"rev-slidebg tp-rs-img rs-lazyload\" data-lazyload=\"\/\/greentechbuy.com\/wp-content\/uploads\/2018\/01\/slider_gtb_1.jpg\" data-bg=\"p:right top;\" data-no-retina>\n<!---->\t\t\t\t\t\t<\/rs-slide>\n\t\t\t\t\t\t<rs-slide style=\"position: absolute;\" data-key=\"rs-5\" data-title=\"Slide\" data-thumb=\"\/\/greentechbuy.com\/wp-content\/uploads\/revslider\/gtb\/slider_gtb_2-100x50.jpg\" data-anim=\"adpr:false;\">\n\t\t\t\t\t\t\t<img src=\"\/\/greentechbuy.com\/wp-content\/plugins\/revslider\/public\/assets\/assets\/dummy.png\" alt=\"\" title=\"Green Tech Buy\" class=\"rev-slidebg tp-rs-img rs-lazyload\" data-lazyload=\"\/\/greentechbuy.com\/wp-content\/uploads\/revslider\/gtb\/slider_gtb_2.jpg\" data-no-retina>\n<!---->\t\t\t\t\t\t<\/rs-slide>\n\t\t\t\t\t\t<rs-slide style=\"position: absolute;\" data-key=\"rs-6\" data-title=\"Slide\" data-thumb=\"\/\/greentechbuy.com\/wp-content\/uploads\/revslider\/gtb\/slider_gtb_3-100x50.jpg\" data-anim=\"adpr:false;\">\n\t\t\t\t\t\t\t<img src=\"\/\/greentechbuy.com\/wp-content\/plugins\/revslider\/public\/assets\/assets\/dummy.png\" alt=\"\" title=\"Green Tech Buy\" class=\"rev-slidebg tp-rs-img rs-lazyload\" data-lazyload=\"\/\/greentechbuy.com\/wp-content\/uploads\/revslider\/gtb\/slider_gtb_3.jpg\" data-no-retina>\n<!---->\t\t\t\t\t\t<\/rs-slide>\n\t\t\t\t\t<\/rs-slides>\n\t\t\t\t<\/rs-module>\n\t\t\t\t<script>\n\t\t\t\t\tsetREVStartSize({c: 'rev_slider_2_1',rl:[1240,1024,778,480],el:[250],gw:[960],gh:[250],type:'standard',justify:'',layout:'fullwidth',mh:\"0\"});if (window.RS_MODULES!==undefined && window.RS_MODULES.modules!==undefined && window.RS_MODULES.modules[\"revslider21\"]!==undefined) {window.RS_MODULES.modules[\"revslider21\"].once = false;window.revapi2 = undefined;if (window.RS_MODULES.checkMinimal!==undefined) window.RS_MODULES.checkMinimal()}\n\t\t\t\t<\/script>\n\t\t\t<\/rs-module-wrap>\n\t\t\t<!-- END REVOLUTION SLIDER -->\n[vc_empty_space height=\u00a0\u00bb15px\u00a0\u00bb]<div class='q_icon_with_title tiny normal_icon center qode-iwt-content-alignment-left '><div class=\"icon_holder \" style=\" \"><span data-icon-type=\"normal\"   style=\"\" class=\"qode_iwt_icon_holder q_font_awsome_icon fa-lg  \"><i class=\"qode_icon_font_awesome fa  qode_iwt_icon_element\" style=\"\" ><\/i><\/span><\/div><div class=\"icon_text_holder\" style=\"\"><div class=\"icon_text_inner\" style=\"\"><h2 class=\"icon_title\" style=\"font-weight: 500;\">Qui sommes-nous<\/h2><p style=''><\/p><\/div><\/div><\/div>[\/vc_column][\/vc_row][vc_row css_animation=\u00a0\u00bbelement_from_fade\u00a0\u00bb row_type=\u00a0\u00bbrow\u00a0\u00bb use_row_as_full_screen_section=\u00a0\u00bbno\u00a0\u00bb type=\u00a0\u00bbgrid\u00a0\u00bb angled_section=\u00a0\u00bbno\u00a0\u00bb text_align=\u00a0\u00bbleft\u00a0\u00bb background_image_as_pattern=\u00a0\u00bbwithout_pattern\u00a0\u00bb background_color=\u00a0\u00bb#ffffff\u00a0\u00bb padding_top=\u00a0\u00bb30&Prime; padding_bottom=\u00a0\u00bb50&Prime; z_index=\u00a0\u00bb\u00a0\u00bb][vc_column width=\u00a0\u00bb1\/2&Prime;][vc_accordion active_tab=\u00a0\u00bb1&Prime; collapsible=\u00a0\u00bbyes\u00a0\u00bb style=\u00a0\u00bbaccordion\u00a0\u00bb][vc_accordion_tab title=\u00a0\u00bbQue faisons-nous\u00a0\u00bb title_tag=\u00a0\u00bbh2&Prime;][vc_row_inner row_type=\u00a0\u00bbrow\u00a0\u00bb type=\u00a0\u00bbfull_width\u00a0\u00bb text_align=\u00a0\u00bbleft\u00a0\u00bb css_animation=\u00a0\u00bb\u00a0\u00bb][vc_column_inner][vc_column_text]Notre mission est de recycler \u00e9quipement \u00e9lectronique et informatique et de leur donner une deuxi\u00e8me vie, tout en d\u00e9montrant notre respect par l\u2019environnement.[\/vc_column_text][\/vc_column_inner][\/vc_row_inner][\/vc_accordion_tab][vc_accordion_tab title=\u00a0\u00bbComment le faisons-nous\u00a0\u00bb title_tag=\u00a0\u00bbh2&Prime;][vc_row_inner row_type=\u00a0\u00bbrow\u00a0\u00bb type=\u00a0\u00bbfull_width\u00a0\u00bb text_align=\u00a0\u00bbleft\u00a0\u00bb css_animation=\u00a0\u00bb\u00a0\u00bb][vc_column_inner][vc_column_text]Au lieu de r\u00e9cup\u00e9rer gratuitement de l\u2019\u00e9quipement dans les entreprises ou de payer pour le d\u00e9truire, Green Tech Buy paie une consid\u00e9rable somme d\u2019argent pour l\u2019\u00e9quipement redondant ou pas utilis\u00e9.[\/vc_column_text][\/vc_column_inner][\/vc_row_inner][\/vc_accordion_tab][vc_accordion_tab title=\u00a0\u00bbNotre philosophie\u00a0\u00bb title_tag=\u00a0\u00bbh2&Prime;][vc_row_inner row_type=\u00a0\u00bbrow\u00a0\u00bb type=\u00a0\u00bbfull_width\u00a0\u00bb text_align=\u00a0\u00bbleft\u00a0\u00bb css_animation=\u00a0\u00bb\u00a0\u00bb][vc_column_inner][vc_column_text]Aujourd\u2019hui, tout le monde parle d\u2019\u00eatre \u00e9cologique et de respecter l\u2019environnement. Chez Green Tech Buy, notre philosophie et notre <em>leitmotiv<\/em> se dirigent vers cette id\u00e9e. Nous devons r\u00e9duire entre tous notre empreinte environnementale. Green Tech Buy s\u2019y est engag\u00e9 \u00e0 100% et y travaille. Si \u00eatre vert signifie d\u2019investir de l\u2019argent, cela signifie que les choses ne fonctionnent pas. Pr\u00e9cis\u00e9ment pour cela Green Tech Buy a \u00e9t\u00e9 cr\u00e9\u00e9.[\/vc_column_text][\/vc_column_inner][\/vc_row_inner][\/vc_accordion_tab][vc_accordion_tab title=\u00a0\u00bbO\u00f9 agissons-nous\u00a0\u00bb title_tag=\u00a0\u00bbh2&Prime;][vc_row_inner row_type=\u00a0\u00bbrow\u00a0\u00bb type=\u00a0\u00bbfull_width\u00a0\u00bb text_align=\u00a0\u00bbleft\u00a0\u00bb css_animation=\u00a0\u00bb\u00a0\u00bb][vc_column_inner][vc_column_text]Green Tech Buy est une soci\u00e9t\u00e9 espagnole bas\u00e9e \u00e0 Madrid. Son champ d\u2019action est international et m\u00e8ne ses activit\u00e9s en Europe, Europe de l\u2019Est, Afrique, Asie et Am\u00e9rique.[\/vc_column_text][\/vc_column_inner][\/vc_row_inner][\/vc_accordion_tab][vc_accordion_tab title=\u00a0\u00bbServices gratuits\u00a0\u00bb title_tag=\u00a0\u00bbh2&Prime;][vc_row_inner row_type=\u00a0\u00bbrow\u00a0\u00bb type=\u00a0\u00bbfull_width\u00a0\u00bb text_align=\u00a0\u00bbleft\u00a0\u00bb css_animation=\u00a0\u00bb\u00a0\u00bb][vc_column_inner][vc_raw_html]RW4gb3V0cmUsIG5vdXMgb2Zmcm9ucyB1biBjZXJ0YWluIG5vbWJyZSBkZSBzZXJ2aWNlcyBncmF0dWl0cyB0ZWxzIHF1ZTo=[\/vc_raw_html][vc_empty_space height=\u00a0\u00bb15px\u00a0\u00bb]<div class=\"q_icon_list\"><i class=\"qode_icon_font_awesome fa fa-check qode-ili-icon-holder transparent\" style=\"\" ><\/i><p style=\"\">Ramassage de mat\u00e9riel<\/p><\/div><div class=\"q_icon_list\"><i class=\"qode_icon_font_awesome fa fa-check qode-ili-icon-holder transparent\" style=\"\" ><\/i><p style=\"\">Effa\u00e7age, s\u00e9curisation et certification des donn\u00e9es<\/p><\/div><div class=\"q_icon_list\"><i class=\"qode_icon_font_awesome fa fa-check qode-ili-icon-holder transparent\" style=\"\" ><\/i><p style=\"\">Inventaire de vos \u00e9quipes de t\u00e9l\u00e9phonie et de TI<\/p><\/div>[\/vc_column_inner][\/vc_row_inner][\/vc_accordion_tab][\/vc_accordion][\/vc_column][vc_column width=\u00a0\u00bb1\/2&Prime;][vc_row_inner row_type=\u00a0\u00bbrow\u00a0\u00bb use_as_box=\u00a0\u00bbuse_row_as_box\u00a0\u00bb type=\u00a0\u00bbfull_width\u00a0\u00bb text_align=\u00a0\u00bbcenter\u00a0\u00bb background_color=\u00a0\u00bb#fbfbfb\u00a0\u00bb border_color=\u00a0\u00bb#f4f4f4&Prime; css_animation=\u00a0\u00bb\u00a0\u00bb css=\u00a0\u00bb.vc_custom_1514221460538{padding: 30px !important;}\u00a0\u00bb][vc_column_inner][vc_column_text]<\/p>\n<h2 style=\"text-align: center;\">Clients satisfaits<\/h2>\n<p>[\/vc_column_text][vc_separator type=\u00a0\u00bbsmall\u00a0\u00bb position=\u00a0\u00bbcenter\u00a0\u00bb color=\u00a0\u00bb#818181&Prime; up=\u00a0\u00bb20&Prime; down=\u00a0\u00bb26&Prime;]<div class='testimonials_holder clearfix dark'><div class=\"testimonials testimonials_carousel\" data-show-navigation=\"yes\" data-animation-type=\"fade\" data-animation-speed=\"\" data-auto-rotate-slides=\"5\" data-number-per-slide=\"1\"><ul class=\"slides\"><li id=\"testimonials16860\" class=\"testimonial_content\"><div class=\"testimonial_content_inner\"><div class=\"testimonial_text_holder\"><div class=\"testimonial_text_inner\" style=\"\"><p style='font-size:14px;'>GREEN TECH BUY se charge d\u2019effacer vos donn\u00e9es de mani\u00e8re certifi\u00e9e des disques durs des PC et des portables, tout en \u00e9liminant les donn\u00e9es d\u2019identification de l\u2019entreprise. Nous appr\u00e9cions la certification d\u00e9livr\u00e9e si l\u2019\u00e9quipement doit \u00eatre d\u00e9truit au cas o\u00f9 il ne puisse pas \u00eatre plac\u00e9 \u00e0 nouveau sur le march\u00e9.\r\nGr\u00e2ce \u00e0 eux, nous augmentons notre Responsabilit\u00e9 Soci\u00e9tale d\u2019Entreprise en traitant ce type de d\u00e9chets et de marchandises d\u00e9saffect\u00e9es d\u2019une mani\u00e8re respectueuse avec l\u2019environnement.<\/p><p class=\"testimonial_author\" style=\"\">C. G. \u2013 Gerente Internacional - International Manager - G\u00e9rant International<\/p><\/div><\/div><\/div><\/li><li id=\"testimonials16859\" class=\"testimonial_content\"><div class=\"testimonial_content_inner\"><div class=\"testimonial_text_holder\"><div class=\"testimonial_text_inner\" style=\"\"><p style='font-size:14px;'>Ils nous ont aid\u00e9 \u00e0 nous lib\u00e9rer du stock de r\u00e9f\u00e9rences peu vendues.\r\nNous avions un grand nombre de produits que nous n\u2019arrivions pas \u00e0 vendre et, gr\u00e2ce \u00e0 eux, nous avons lib\u00e9r\u00e9 notre entrep\u00f4t, ce qui a augment\u00e9 notre capacit\u00e9 op\u00e9rationnelle et, en m\u00eame temps, nous a apport\u00e9 un montant \u00e9conomique tr\u00e8s rentable.<\/p><p class=\"testimonial_author\" style=\"\">A. C. - Director de Compras Retail - Director of Retail Purchasing - Directeur d\u2019Achats Retail<\/p><\/div><\/div><\/div><\/li><li id=\"testimonials16858\" class=\"testimonial_content\"><div class=\"testimonial_content_inner\"><div class=\"testimonial_text_holder\"><div class=\"testimonial_text_inner\" style=\"\"><p style='font-size:14px;'>GREEN TECH BUY nous a permis d\u2019\u00eatre tranquilles, car nous ne savions pas quoi faire avec l\u2019\u00e9quipement d\u00e9saffect\u00e9. Nous avions un probl\u00e8me \u00e9norme, car \u00e0 la fin il nous manquait de l\u2019espace, nous devions effacer toutes les donn\u00e9es confidentielles de l\u2019entreprise et nous devions payer pour les d\u00e9truire de mani\u00e8re certifi\u00e9e.\r\nGr\u00e2ce \u00e0 eux, nous avons m\u00eame r\u00e9ussi \u00e0 mon\u00e9tiser ces \u00e9quipes en obtenant beaucoup d\u2019argent avec l\u2019op\u00e9ration.<\/p><p class=\"testimonial_author\" style=\"\">C. G. \u2013 IT Director - Directeur informatique<\/p><\/div><\/div><\/div><\/li><\/ul><\/div><\/div>[\/vc_column_inner][\/vc_row_inner][\/vc_column][\/vc_row][vc_row row_type=\u00a0\u00bbparallax\u00a0\u00bb parallax_content_width=\u00a0\u00bbfull_width\u00a0\u00bb text_align=\u00a0\u00bbcenter\u00a0\u00bb background_image=\u00a0\u00bb15171&Prime; full_screen_section_height=\u00a0\u00bbno\u00a0\u00bb section_height=\u00a0\u00bb270&Prime;][vc_column][vc_separator type=\u00a0\u00bbtransparent\u00a0\u00bb up=\u00a0\u00bb45&Prime; down=\u00a0\u00bb0&Prime;][vc_column_text]<\/p>\n<p style=\"text-align: center; color: #ffffff; font-size: 40px; font-family: Raleway,sans-serif; font-weight: 300; line-height: 70px;\">\u00catre vert n\u2019implique pas d\u2019investir de l\u2019argent.<\/p>\n<p>[\/vc_column_text][vc_separator type=\u00a0\u00bbsmall\u00a0\u00bb position=\u00a0\u00bbcenter\u00a0\u00bb color=\u00a0\u00bb#ffffff\u00a0\u00bb up=\u00a0\u00bb30&Prime; down=\u00a0\u00bb30&Prime;][vc_column_text]<\/p>\n<p style=\"text-align: center; font-size: 18px;\"><span style=\"color: #ffffff;\">Green Tech Buy paie une consid\u00e9rable somme d\u2019argent pour l\u2019\u00e9quipement redondant ou pas utilis\u00e9<\/span><\/p>\n<p>[\/vc_column_text][vc_separator type=\u00a0\u00bbtransparent\u00a0\u00bb up=\u00a0\u00bb45&Prime; down=\u00a0\u00bb19&Prime;][\/vc_column][\/vc_row][vc_row css_animation=\u00a0\u00bb\u00a0\u00bb row_type=\u00a0\u00bbrow\u00a0\u00bb use_row_as_full_screen_section=\u00a0\u00bbno\u00a0\u00bb type=\u00a0\u00bbgrid\u00a0\u00bb angled_section=\u00a0\u00bbno\u00a0\u00bb text_align=\u00a0\u00bbleft\u00a0\u00bb background_image_as_pattern=\u00a0\u00bbwithout_pattern\u00a0\u00bb z_index=\u00a0\u00bb\u00a0\u00bb][vc_column][vc_empty_space height=\u00a0\u00bb50px\u00a0\u00bb][vc_column_text]<\/p>\n<h2 style=\"text-align: center;\">Premi\u00e8res marques<\/h2>\n<p>[\/vc_column_text][vc_separator type=\u00a0\u00bbsmall\u00a0\u00bb position=\u00a0\u00bbcenter\u00a0\u00bb color=\u00a0\u00bb#818181&Prime; up=\u00a0\u00bb20&Prime; down=\u00a0\u00bb26&Prime;]<div class='qode_carousels_holder clearfix two_rows'><div class='qode_carousels' data-number-of-visible-items=''><ul class='slides'><li class='item'><div class=\"carousel_item_holder\"><span class='first_image_holder '><img itemprop=\"image\" src=\"https:\/\/greentechbuy.com\/wp-content\/uploads\/2017\/12\/marcas-samsung.png\" alt=\"carousel image\" \/><\/span><\/div><div class=\"carousel_item_holder\"><span class='first_image_holder '><img itemprop=\"image\" src=\"https:\/\/greentechbuy.com\/wp-content\/uploads\/2017\/12\/marcas-apple.png\" alt=\"carousel image\" \/><\/span><\/div><\/li><li class='item'><div class=\"carousel_item_holder\"><span class='first_image_holder '><img itemprop=\"image\" src=\"https:\/\/greentechbuy.com\/wp-content\/uploads\/2017\/12\/marcas-blackberry.png\" alt=\"carousel image\" \/><\/span><\/div><div class=\"carousel_item_holder\"><span class='first_image_holder '><img itemprop=\"image\" src=\"https:\/\/greentechbuy.com\/wp-content\/uploads\/2018\/01\/marcas-huawei.png\" alt=\"carousel image\" \/><\/span><\/div><\/li><li class='item'><div class=\"carousel_item_holder\"><span class='first_image_holder '><img itemprop=\"image\" src=\"https:\/\/greentechbuy.com\/wp-content\/uploads\/2017\/12\/marcas-htc.png\" alt=\"carousel image\" \/><\/span><\/div><div class=\"carousel_item_holder\"><span class='first_image_holder '><img itemprop=\"image\" src=\"https:\/\/greentechbuy.com\/wp-content\/uploads\/2017\/12\/marcas-lg.png\" alt=\"carousel image\" \/><\/span><\/div><\/li><li class='item'><div class=\"carousel_item_holder\"><span class='first_image_holder '><img itemprop=\"image\" src=\"https:\/\/greentechbuy.com\/wp-content\/uploads\/2017\/12\/marcas-alcatel.png\" alt=\"carousel image\" \/><\/span><\/div><div class=\"carousel_item_holder\"><span class='first_image_holder '><img itemprop=\"image\" src=\"https:\/\/greentechbuy.com\/wp-content\/uploads\/2018\/01\/marcas-sony.png\" alt=\"carousel image\" \/><\/span><\/div><\/li><li class='item'><div class=\"carousel_item_holder\"><span class='first_image_holder '><img itemprop=\"image\" src=\"https:\/\/greentechbuy.com\/wp-content\/uploads\/2018\/01\/marcas-xiaomi.png\" alt=\"carousel image\" \/><\/span><\/div><div class=\"carousel_item_holder\"><span class='first_image_holder '><img itemprop=\"image\" src=\"https:\/\/greentechbuy.com\/wp-content\/uploads\/2018\/01\/marcas-nexus.png\" alt=\"carousel image\" \/><\/span><\/div><\/li><li class='item'><div class=\"carousel_item_holder\"><span class='first_image_holder '><img itemprop=\"image\" src=\"https:\/\/greentechbuy.com\/wp-content\/uploads\/2018\/01\/marcas-nokia.png\" alt=\"carousel image\" \/><\/span><\/div><div class=\"carousel_item_holder\"><span class='first_image_holder '><img itemprop=\"image\" src=\"https:\/\/greentechbuy.com\/wp-content\/uploads\/2017\/12\/marcas-motorola.png\" alt=\"carousel image\" \/><\/span><\/div><\/li><li class='item'><div class=\"carousel_item_holder\"><span class='first_image_holder '><img itemprop=\"image\" src=\"https:\/\/greentechbuy.com\/wp-content\/uploads\/2018\/01\/marcas-lenovo.png\" alt=\"carousel image\" \/><\/span><\/div><div class=\"carousel_item_holder\"><span class='first_image_holder '><img itemprop=\"image\" src=\"https:\/\/greentechbuy.com\/wp-content\/uploads\/2017\/12\/marcas-hp.png\" alt=\"carousel image\" \/><\/span><\/div><\/li><\/ul><\/div><\/div>[vc_empty_space height=\u00a0\u00bb20px\u00a0\u00bb][\/vc_column][\/vc_row]<\/p>\n<\/section>","protected":false},"excerpt":{"rendered":"<p>[vc_row css_animation=\u00a0\u00bb\u00a0\u00bb row_type=\u00a0\u00bbrow\u00a0\u00bb use_row_as_full_screen_section=\u00a0\u00bbno\u00a0\u00bb type=\u00a0\u00bbgrid\u00a0\u00bb angled_section=\u00a0\u00bbno\u00a0\u00bb text_align=\u00a0\u00bbleft\u00a0\u00bb background_image_as_pattern=\u00a0\u00bbwithout_pattern\u00a0\u00bb background_color=\u00a0\u00bb#ffffff\u00a0\u00bb border_color=\u00a0\u00bb#ffffff\u00a0\u00bb z_index=\u00a0\u00bb\u00a0\u00bb][vc_column][vc_empty_space height=\u00a0\u00bb40px\u00a0\u00bb][vc_empty_space height=\u00a0\u00bb15px\u00a0\u00bb][\/vc_column][\/vc_row][vc_row css_animation=\u00a0\u00bbelement_from_fade\u00a0\u00bb row_type=\u00a0\u00bbrow\u00a0\u00bb use_row_as_full_screen_section=\u00a0\u00bbno\u00a0\u00bb type=\u00a0\u00bbgrid\u00a0\u00bb angled_section=\u00a0\u00bbno\u00a0\u00bb text_align=\u00a0\u00bbleft\u00a0\u00bb background_image_as_pattern=\u00a0\u00bbwithout_pattern\u00a0\u00bb background_color=\u00a0\u00bb#ffffff\u00a0\u00bb padding_top=\u00a0\u00bb30&Prime; padding_bottom=\u00a0\u00bb50&Prime; z_index=\u00a0\u00bb\u00a0\u00bb][vc_column width=\u00a0\u00bb1\/2&Prime;][vc_accordion active_tab=\u00a0\u00bb1&Prime; collapsible=\u00a0\u00bbyes\u00a0\u00bb style=\u00a0\u00bbaccordion\u00a0\u00bb][vc_accordion_tab title=\u00a0\u00bbQue faisons-nous\u00a0\u00bb title_tag=\u00a0\u00bbh2&Prime;][vc_row_inner row_type=\u00a0\u00bbrow\u00a0\u00bb type=\u00a0\u00bbfull_width\u00a0\u00bb text_align=\u00a0\u00bbleft\u00a0\u00bb css_animation=\u00a0\u00bb\u00a0\u00bb][vc_column_inner][vc_column_text]Notre mission est de recycler \u00e9quipement \u00e9lectronique et informatique et de&#8230;<\/p>\n","protected":false},"author":1,"featured_media":0,"parent":0,"menu_order":20,"comment_status":"open","ping_status":"closed","template":"full_width.php","meta":[],"_links":{"self":[{"href":"https:\/\/greentechbuy.com\/fr\/wp-json\/wp\/v2\/pages\/16861"}],"collection":[{"href":"https:\/\/greentechbuy.com\/fr\/wp-json\/wp\/v2\/pages"}],"about":[{"href":"https:\/\/greentechbuy.com\/fr\/wp-json\/wp\/v2\/types\/page"}],"author":[{"embeddable":true,"href":"https:\/\/greentechbuy.com\/fr\/wp-json\/wp\/v2\/users\/1"}],"replies":[{"embeddable":true,"href":"https:\/\/greentechbuy.com\/fr\/wp-json\/wp\/v2\/comments?post=16861"}],"version-history":[{"count":0,"href":"https:\/\/greentechbuy.com\/fr\/wp-json\/wp\/v2\/pages\/16861\/revisions"}],"wp:attachment":[{"href":"https:\/\/greentechbuy.com\/fr\/wp-json\/wp\/v2\/media?parent=16861"}],"curies":[{"name":"wp","href":"https:\/\/api.w.org\/{rel}","templated":true}]}}