{"id":16873,"date":"2017-12-25T21:55:50","date_gmt":"2017-12-25T19:55:50","guid":{"rendered":"https:\/\/greentechbuy.com\/contact\/"},"modified":"2020-10-28T14:29:12","modified_gmt":"2020-10-28T12:29:12","slug":"contact","status":"publish","type":"page","link":"https:\/\/greentechbuy.com\/fr\/contact\/","title":{"rendered":"Contact"},"content":{"rendered":"<section class=\"wpb-content-wrapper\"><p>[vc_row css_animation=\u00a0\u00bb\u00a0\u00bb row_type=\u00a0\u00bbrow\u00a0\u00bb use_row_as_full_screen_section=\u00a0\u00bbno\u00a0\u00bb type=\u00a0\u00bbfull_width\u00a0\u00bb angled_section=\u00a0\u00bbno\u00a0\u00bb text_align=\u00a0\u00bbcenter\u00a0\u00bb background_image_as_pattern=\u00a0\u00bbwithout_pattern\u00a0\u00bb border_color=\u00a0\u00bb#ffffff\u00a0\u00bb z_index=\u00a0\u00bb\u00a0\u00bb][vc_column][vc_empty_space height=\u00a0\u00bb30px\u00a0\u00bb][\/vc_column][\/vc_row][vc_row css_animation=\u00a0\u00bb\u00a0\u00bb row_type=\u00a0\u00bbrow\u00a0\u00bb use_row_as_full_screen_section=\u00a0\u00bbno\u00a0\u00bb type=\u00a0\u00bbgrid\u00a0\u00bb angled_section=\u00a0\u00bbno\u00a0\u00bb text_align=\u00a0\u00bbleft\u00a0\u00bb background_image_as_pattern=\u00a0\u00bbwithout_pattern\u00a0\u00bb background_color=\u00a0\u00bb#ffffff\u00a0\u00bb border_color=\u00a0\u00bb#eeeeee\u00a0\u00bb z_index=\u00a0\u00bb\u00a0\u00bb][vc_column width=\u00a0\u00bb2\/3&Prime;]<div class='q_icon_with_title medium normal_icon left_from_title '><div class=\"icon_text_holder\" style=\"\"><div class=\"icon_text_inner\" style=\"\"><div class=\"icon_title_holder\"><div class=\"icon_holder \" style=\" \"><span data-icon-type=\"normal\"   style=\"\" class=\"qode_iwt_icon_holder q_font_awsome_icon fa-3x  \"><i class=\"qode_icon_font_awesome fa fa-envelope qode_iwt_icon_element\" style=\"\" ><\/i><\/span><\/div><h2 class=\"icon_title\" style=\"font-weight: 500;\">Vos questions<\/h2><\/div><p style=''><\/p><\/div><\/div><\/div>\n<div class=\"wpcf7 no-js\" id=\"wpcf7-f16886-o1\" lang=\"fr-FR\" dir=\"ltr\">\n<div class=\"screen-reader-response\"><p role=\"status\" aria-live=\"polite\" aria-atomic=\"true\"><\/p> <ul><\/ul><\/div>\n<form action=\"\/fr\/wp-json\/wp\/v2\/pages\/16873#wpcf7-f16886-o1\" method=\"post\" class=\"wpcf7-form init cf7_custom_style_1 wpcf7-acceptance-as-validation\" aria-label=\"Formulaire de contact\" novalidate=\"novalidate\" data-status=\"init\">\n<div style=\"display: none;\">\n<input type=\"hidden\" name=\"_wpcf7\" value=\"16886\" \/>\n<input type=\"hidden\" name=\"_wpcf7_version\" value=\"5.7.5.1\" \/>\n<input type=\"hidden\" name=\"_wpcf7_locale\" value=\"fr_FR\" \/>\n<input type=\"hidden\" name=\"_wpcf7_unit_tag\" value=\"wpcf7-f16886-o1\" \/>\n<input type=\"hidden\" name=\"_wpcf7_container_post\" value=\"0\" \/>\n<input type=\"hidden\" name=\"_wpcf7_posted_data_hash\" value=\"\" \/>\n<\/div>\n<p><span class=\"wpcf7-form-control-wrap\" data-name=\"Empresa\"><input size=\"40\" class=\"wpcf7-form-control wpcf7-text\" aria-invalid=\"false\" placeholder=\"Nom de votre entreprise\" value=\"\" type=\"text\" name=\"Empresa\" \/><\/span>\n<\/p>\n<p><span class=\"wpcf7-form-control-wrap\" data-name=\"Nombre\"><input size=\"40\" class=\"wpcf7-form-control wpcf7-text wpcf7-validates-as-required\" aria-required=\"true\" aria-invalid=\"false\" placeholder=\"Votre pr\u00e9nom (requis)\" value=\"\" type=\"text\" name=\"Nombre\" \/><\/span>\n<\/p>\n<p><span class=\"wpcf7-form-control-wrap\" data-name=\"Apellidos\"><input size=\"40\" class=\"wpcf7-form-control wpcf7-text wpcf7-validates-as-required\" aria-required=\"true\" aria-invalid=\"false\" placeholder=\"Votre nom (requis)\" value=\"\" type=\"text\" name=\"Apellidos\" \/><\/span>\n<\/p>\n<p><span class=\"wpcf7-form-control-wrap\" data-name=\"Email\"><input size=\"40\" class=\"wpcf7-form-control wpcf7-text wpcf7-email wpcf7-validates-as-required wpcf7-validates-as-email\" aria-required=\"true\" aria-invalid=\"false\" placeholder=\"Courriel (requis)\" value=\"\" type=\"email\" name=\"Email\" \/><\/span>\n<\/p>\n<p><span class=\"wpcf7-form-control-wrap\" data-name=\"Telefono\"><input size=\"40\" class=\"wpcf7-form-control wpcf7-text wpcf7-tel wpcf7-validates-as-required wpcf7-validates-as-tel\" aria-required=\"true\" aria-invalid=\"false\" placeholder=\"T\u00e9l\u00e9phone (requis)\" value=\"\" type=\"tel\" name=\"Telefono\" \/><\/span>\n<\/p>\n<p><span class=\"wpcf7-form-control-wrap\" data-name=\"Sitioweb\"><input size=\"40\" class=\"wpcf7-form-control wpcf7-text\" aria-invalid=\"false\" placeholder=\"Site Web de votre entreprise\" value=\"\" type=\"text\" name=\"Sitioweb\" \/><\/span>\n<\/p>\n<p><span class=\"wpcf7-form-control-wrap\" data-name=\"Asunto\"><input size=\"40\" class=\"wpcf7-form-control wpcf7-text wpcf7-validates-as-required\" aria-required=\"true\" aria-invalid=\"false\" placeholder=\"Sujet (requis)\" value=\"\" type=\"text\" name=\"Asunto\" \/><\/span>\n<\/p>\n<p><span class=\"wpcf7-form-control-wrap\" data-name=\"Mensaje\"><textarea cols=\"40\" rows=\"10\" class=\"wpcf7-form-control wpcf7-textarea wpcf7-validates-as-required\" aria-required=\"true\" aria-invalid=\"false\" placeholder=\"Message (requis)\" name=\"Mensaje\"><\/textarea><\/span>\n<\/p>\n<p><span class=\"wpcf7-form-control-wrap\" data-name=\"acceptance-722\"><span class=\"wpcf7-form-control wpcf7-acceptance\"><span class=\"wpcf7-list-item\"><label><input type=\"checkbox\" name=\"acceptance-722\" value=\"1\" aria-invalid=\"false\" \/><span class=\"wpcf7-list-item-label\">J'ai lu et j\u2019accepte les <a href=\"https:\/\/greentechbuy.com\/condiciones-de-uso\/\" title=\"Pour lire notre {{{wpml_tag_1}}}{{{wpml_tag_2}}}Conditions d'utilisation{{{wpml_tag_3}}}<!-- wpml:html_fragment <\/strong> -->, cliquez ici\" target=\"_blank\">Conditions d'utilisation<\/a>.<\/span><\/label><\/span><\/span><\/span>\n<\/p>\n<p><input class=\"wpcf7-form-control has-spinner wpcf7-submit\" type=\"submit\" value=\"Envoyer\" \/>\n<\/p><div class=\"wpcf7-response-output\" aria-hidden=\"true\"><\/div>\n<\/form>\n<\/div>\n[vc_empty_space height=\u00a0\u00bb30px\u00a0\u00bb][vc_column_text]Conform\u00e9ment aux dispositions de la r\u00e9glementation en vigueur en mati\u00e8re de Protection des Donn\u00e9es \u00e0 Caract\u00e8re Personnel, nous vous informons que vos donn\u00e9es seront incorpor\u00e9es au syst\u00e8me de traitement appartenant \u00e0 GREEN TECH BUY SL, titulaire du Code d\u2019Identification Fiscale espagnol B86796513 avec si\u00e8ge sis \u00e0 Parque Empresarial \u00ab La Finca \u00bb, Paseo Club Deportivo n`1, Edificio 4, 1\u00aa planta, 28223 Pozuelo de Alarc\u00f3n, Madrid, Espagne, afin de r\u00e9pondre \u00e0 vos questions. Conform\u00e9ment aux dispositions de la r\u00e9glementation en vigueur, GREEN TECH BUY SL vous informe que vos donn\u00e9es seront conserv\u00e9es pour la p\u00e9riode strictement n\u00e9cessaire afin de se conformer aux indications mentionn\u00e9es ci-dessus.<\/p>\n<p>Jusqu\u2019\u00e0 vous indications contraires, nous comprendrons que vos donn\u00e9es n\u2019ont pas \u00e9t\u00e9 modifi\u00e9es, que vous acceptez de nous communiquer toute modification et que nous avons votre consentement pour les utiliser aux fins mentionn\u00e9es.<\/p>\n<p>GREEN TECH BUY SL informe qu\u2019elle traitera vos donn\u00e9es d\u2019une mani\u00e8re l\u00e9gale, loyale, transparente, ad\u00e9quate, pertinente, limit\u00e9e, pr\u00e9cise et \u00e0 jour. Pour cela, GREEN TECH BUY SL s\u2019engage \u00e0 prendre toute mesure raisonnable afin qu\u2019elles soient supprim\u00e9es ou corrig\u00e9es sans d\u00e9lai lorsqu\u2019elles soient inexactes.<\/p>\n<p>Conform\u00e9ment aux droits conf\u00e9r\u00e9s par la l\u00e9gislation en vigueur sur la protection des donn\u00e9es, vous pouvez exercer les droits d\u2019acc\u00e8s, de rectification, de limitation du traitement, de radiation, de portabilit\u00e9 et d\u2019opposition au traitement de vos donn\u00e9es \u00e0 caract\u00e8re personnel ainsi que le consentement donn\u00e9 pour le traitement de celles-ci, en envoyant votre demande \u00e0 l\u2019adresse postale indiqu\u00e9e ci-dessus ou au courriel <a title=\"comercial@greentechbuy.com\" href=\"mailto:comercial@greentechbuy.com\"><strong>comercial@greentechbuy.com<\/strong><\/a>.<\/p>\n<p>Vous pouvez communiquer avec l\u2019Autorit\u00e9 de Contr\u00f4le comp\u00e9tente pour d\u00e9poser la plainte que vous jugiez appropri\u00e9e.<\/p>\n<p>L\u2019envoi de vos donn\u00e9es implique l\u2019acceptation de cette clause.[\/vc_column_text][vc_empty_space height=\u00a0\u00bb60px\u00a0\u00bb][\/vc_column][vc_column width=\u00a0\u00bb1\/3&Prime;][vc_empty_space height=\u00a0\u00bb20px\u00a0\u00bb]\t\t\t<script src=\"\/\/greentechbuy.com\/wp-content\/plugins\/revslider\/public\/assets\/js\/rbtools.min.js?rev=6.6.12\"><\/script>\n\t\t\t<script src=\"\/\/greentechbuy.com\/wp-content\/plugins\/revslider\/public\/assets\/js\/rs6.min.js?rev=6.6.12\"><\/script>\n\n\t\t\t<!-- START Contacto REVOLUTION SLIDER 6.6.12 --><p class=\"rs-p-wp-fix\"><\/p>\n\t\t\t<rs-module-wrap id=\"rev_slider_5_1_wrapper\" data-source=\"gallery\" style=\"visibility:hidden;background:#E9E9E9;padding:0;margin:0px auto;margin-top:0;margin-bottom:0;\">\n\t\t\t\t<rs-module id=\"rev_slider_5_1\" style=\"\" data-version=\"6.6.12\">\n\t\t\t\t\t<rs-slides style=\"overflow: hidden; position: absolute;\">\n\t\t\t\t\t\t<rs-slide style=\"position: absolute;\" data-key=\"rs-13\" data-title=\"Slide\" data-duration=\"5000\" data-anim=\"ms:800;r:0;\" data-in=\"o:0;e:none;\" data-out=\"e:none;\">\n\t\t\t\t\t\t\t<img src=\"\/\/greentechbuy.com\/wp-content\/plugins\/revslider\/public\/assets\/assets\/dummy.png\" alt=\"\" title=\"Contact\" class=\"rev-slidebg tp-rs-img rs-lazyload\" data-lazyload=\"\/\/greentechbuy.com\/wp-content\/uploads\/revslider\/contact\/contact01.jpg\" data-no-retina>\n<!---->\t\t\t\t\t\t<\/rs-slide>\n\t\t\t\t\t\t<rs-slide style=\"position: absolute;\" data-key=\"rs-14\" data-title=\"Slide\" data-duration=\"500\" data-anim=\"ms:800;r:0;\" data-in=\"o:0;e:none;\" data-out=\"e:none;\" data-mediafilter=\"clarendon\">\n\t\t\t\t\t\t\t<img src=\"\/\/greentechbuy.com\/wp-content\/plugins\/revslider\/public\/assets\/assets\/dummy.png\" alt=\"\" title=\"Contact\" class=\"rev-slidebg tp-rs-img rs-lazyload\" data-lazyload=\"\/\/greentechbuy.com\/wp-content\/uploads\/revslider\/contact\/contact02.jpg\" data-no-retina>\n<!---->\t\t\t\t\t\t<\/rs-slide>\n\t\t\t\t\t\t<rs-slide style=\"position: absolute;\" data-key=\"rs-15\" data-title=\"Slide\" data-duration=\"1000\" data-anim=\"ms:1000;r:0;\" data-in=\"o:0;e:none;\" data-out=\"e:none;\">\n\t\t\t\t\t\t\t<img src=\"\/\/greentechbuy.com\/wp-content\/plugins\/revslider\/public\/assets\/assets\/dummy.png\" alt=\"\" title=\"Contact\" class=\"rev-slidebg tp-rs-img rs-lazyload\" data-lazyload=\"\/\/greentechbuy.com\/wp-content\/uploads\/revslider\/contact\/contact03.jpg\" data-no-retina>\n<!---->\t\t\t\t\t\t<\/rs-slide>\n\t\t\t\t\t\t<rs-slide style=\"position: absolute;\" data-key=\"rs-16\" data-title=\"Slide\" data-duration=\"500\" data-anim=\"ms:1000;r:0;\" data-in=\"o:0;e:none;\" data-out=\"e:none;\">\n\t\t\t\t\t\t\t<img src=\"\/\/greentechbuy.com\/wp-content\/plugins\/revslider\/public\/assets\/assets\/dummy.png\" alt=\"\" title=\"Contact\" class=\"rev-slidebg tp-rs-img rs-lazyload\" data-lazyload=\"\/\/greentechbuy.com\/wp-content\/uploads\/revslider\/contact\/contact04.jpg\" data-no-retina>\n<!---->\t\t\t\t\t\t<\/rs-slide>\n\t\t\t\t\t<\/rs-slides>\n\t\t\t\t<\/rs-module>\n\t\t\t\t<script>\n\t\t\t\t\tsetREVStartSize({c: 'rev_slider_5_1',rl:[1240,1024,778,480],el:[250],gw:[460],gh:[250],type:'standard',justify:'',layout:'fullwidth',mh:\"250\"});if (window.RS_MODULES!==undefined && window.RS_MODULES.modules!==undefined && window.RS_MODULES.modules[\"revslider51\"]!==undefined) {window.RS_MODULES.modules[\"revslider51\"].once = false;window.revapi5 = undefined;if (window.RS_MODULES.checkMinimal!==undefined) window.RS_MODULES.checkMinimal()}\n\t\t\t\t<\/script>\n\t\t\t<\/rs-module-wrap>\n\t\t\t<!-- END REVOLUTION SLIDER -->\n[vc_empty_space height=\u00a0\u00bb50px\u00a0\u00bb][vc_row_inner row_type=\u00a0\u00bbrow\u00a0\u00bb type=\u00a0\u00bbfull_width\u00a0\u00bb text_align=\u00a0\u00bbleft\u00a0\u00bb css_animation=\u00a0\u00bb\u00a0\u00bb][vc_column_inner width=\u00a0\u00bb1\/4&Prime;]<span data-type=\"square\"   class=\"qode_icon_shortcode fa-stack q_font_awsome_icon_square fa-2x pull-left \" style=\"background-color: #0c9600;border: 1px solid #0c9600; \"><i class=\"qode_icon_font_awesome fa fa-map-marker qode_icon_element\" style=\"color: #ffffff;\" ><\/i><\/span>[\/vc_column_inner][vc_column_inner width=\u00a0\u00bb3\/4&Prime;][vc_raw_html]PGgzPkdSRUVOIFRFQ0ggQlVZIFMuTC48L2gzPgpQYXJxdWUgRW1wcmVzYXJpYWwgIkxhIEZpbmNhIjxicj5QYXNlbyBDbHViIERlcG9ydGl2byBuYDE8YnI+RWRpZmljaW8gNCwgMcKqIHBsYW50YTxicj4yODIyMyBQb3p1ZWxvIGRlIEFsYXJjw7NuPGJyPk1hZHJpZDxicj5Fc3BhZ25l[\/vc_raw_html][\/vc_column_inner][\/vc_row_inner][vc_empty_space height=\u00a0\u00bb30px\u00a0\u00bb][vc_row_inner row_type=\u00a0\u00bbrow\u00a0\u00bb type=\u00a0\u00bbfull_width\u00a0\u00bb text_align=\u00a0\u00bbleft\u00a0\u00bb css_animation=\u00a0\u00bb\u00a0\u00bb][vc_column_inner width=\u00a0\u00bb1\/4&Prime;]<span data-type=\"square\"   class=\"qode_icon_shortcode fa-stack q_font_awsome_icon_square fa-2x pull-left \" style=\"background-color: #0c9600;border: 1px solid #0c9600; \"><i class=\"qode_icon_font_awesome fa fa-phone qode_icon_element\" style=\"color: #ffffff;\" ><\/i><\/span>[\/vc_column_inner][vc_column_inner width=\u00a0\u00bb3\/4&Prime;][vc_raw_html]PGgzPlTDqWzDqXBob25lPC9oMz4KPGEgaHJlZj0idGVsOigrMzQpOTEwNTYxMTQ2Ij4oKzM0KTkxMCA1NjEgMTQ2PC9hPg==[\/vc_raw_html][\/vc_column_inner][\/vc_row_inner][vc_empty_space height=\u00a0\u00bb30px\u00a0\u00bb][vc_row_inner row_type=\u00a0\u00bbrow\u00a0\u00bb type=\u00a0\u00bbfull_width\u00a0\u00bb text_align=\u00a0\u00bbleft\u00a0\u00bb css_animation=\u00a0\u00bb\u00a0\u00bb][vc_column_inner width=\u00a0\u00bb1\/4&Prime;]<span data-type=\"square\"   class=\"qode_icon_shortcode fa-stack q_font_awsome_icon_square fa-2x pull-left \" style=\"background-color: #0c9600;border: 1px solid #0c9600; \"><i class=\"qode_icon_font_awesome fa fa-envelope qode_icon_element\" style=\"color: #ffffff;\" ><\/i><\/span>[\/vc_column_inner][vc_column_inner width=\u00a0\u00bb3\/4&Prime;][vc_raw_html]PGgzPkVtYWlsPC9oMz4KPGEgaHJlZj0ibWFpbHRvOmNvbWVyY2lhbEBncmVlbnRlY2hidXkuY29tIj5jb21lcmNpYWxAZ3JlZW50ZWNoYnV5LmNvbTwvYT4=[\/vc_raw_html][\/vc_column_inner][\/vc_row_inner][vc_empty_space height=\u00a0\u00bb30px\u00a0\u00bb][vc_row_inner row_type=\u00a0\u00bbrow\u00a0\u00bb use_as_box=\u00a0\u00bbuse_row_as_box\u00a0\u00bb type=\u00a0\u00bbfull_width\u00a0\u00bb text_align=\u00a0\u00bbleft\u00a0\u00bb css_animation=\u00a0\u00bb\u00a0\u00bb css=\u00a0\u00bb.vc_custom_1560077687849{margin-bottom: 50px !important;border-top-width: 0px !important;border-right-width: 0px !important;border-bottom-width: 0px !important;border-left-width: 5px !important;padding-top: 10px !important;padding-right: 10px !important;padding-bottom: 10px !important;padding-left: 10px !important;background-color: #f1ffea !important;border-left-color: #83bf57 !important;border-left-style: solid !important;border-right-color: #83bf57 !important;border-right-style: solid !important;border-top-color: #83bf57 !important;border-top-style: solid !important;border-bottom-color: #83bf57 !important;border-bottom-style: solid !important;}\u00a0\u00bb][vc_column_inner][vc_column_text]<\/p>\n<h3 style=\"margin-bottom: 20px;\">Informations de base<br \/>\nsur la protection des donn\u00e9es<\/h3>\n<p><strong>Responsable:<\/strong> Green Tech Buy S.L.<br \/>\n<strong>Objectif:<\/strong> R\u00e9pondre \u00e0 votre requ\u00eate.<br \/>\n<strong>Traitement<\/strong>: Elles ne seront pas communiqu\u00e9es aux tiers.<br \/>\n<strong>Destinataire:<\/strong> Green Tech Buy S.L.<br \/>\n<strong>Droits<\/strong>: Modifiez, mettez \u00e0 jour ou supprimez vos donn\u00e9es en adressant votre demande au courriel de contact.<br \/>\n<strong>Contact:<\/strong> <a href=\"mailto:comercial@greentechbuy.com\">comercial@greentechbuy.com<\/a>.[\/vc_column_text][\/vc_column_inner][\/vc_row_inner][\/vc_column][\/vc_row][vc_row row_type=\u00a0\u00bbparallax\u00a0\u00bb parallax_content_width=\u00a0\u00bbfull_width\u00a0\u00bb text_align=\u00a0\u00bbcenter\u00a0\u00bb full_screen_section_height=\u00a0\u00bbno\u00a0\u00bb background_image=\u00a0\u00bb15171&Prime; section_height=\u00a0\u00bb270&Prime;][vc_column][vc_separator type=\u00a0\u00bbtransparent\u00a0\u00bb up=\u00a0\u00bb45&Prime; down=\u00a0\u00bb0&Prime;][vc_column_text]<\/p>\n<p style=\"text-align: center; color: #ffffff; font-size: 40px; font-family: Raleway,sans-serif; font-weight: 300; line-height: 70px;\">Obtenez de l\u2019argent tout en respectant l\u2019environnement.<\/p>\n<p>[\/vc_column_text][vc_separator type=\u00a0\u00bbsmall\u00a0\u00bb position=\u00a0\u00bbcenter\u00a0\u00bb color=\u00a0\u00bb#ffffff\u00a0\u00bb up=\u00a0\u00bb30&Prime; down=\u00a0\u00bb30&Prime;][vc_column_text]<\/p>\n<p style=\"text-align: center; font-size: 18px;\"><span style=\"color: #ffffff;\">Ayez un impact positif en recyclant votre \u00e9quipement technologique redondant ou inutile.<\/span><\/p>\n<p>[\/vc_column_text][vc_separator type=\u00a0\u00bbtransparent\u00a0\u00bb up=\u00a0\u00bb45&Prime; down=\u00a0\u00bb19&Prime;][\/vc_column][\/vc_row]<\/p>\n<\/section>","protected":false},"excerpt":{"rendered":"<p>[vc_row css_animation=\u00a0\u00bb\u00a0\u00bb row_type=\u00a0\u00bbrow\u00a0\u00bb use_row_as_full_screen_section=\u00a0\u00bbno\u00a0\u00bb type=\u00a0\u00bbfull_width\u00a0\u00bb angled_section=\u00a0\u00bbno\u00a0\u00bb text_align=\u00a0\u00bbcenter\u00a0\u00bb background_image_as_pattern=\u00a0\u00bbwithout_pattern\u00a0\u00bb border_color=\u00a0\u00bb#ffffff\u00a0\u00bb z_index=\u00a0\u00bb\u00a0\u00bb][vc_column][vc_empty_space height=\u00a0\u00bb30px\u00a0\u00bb][\/vc_column][\/vc_row][vc_row css_animation=\u00a0\u00bb\u00a0\u00bb row_type=\u00a0\u00bbrow\u00a0\u00bb use_row_as_full_screen_section=\u00a0\u00bbno\u00a0\u00bb type=\u00a0\u00bbgrid\u00a0\u00bb angled_section=\u00a0\u00bbno\u00a0\u00bb text_align=\u00a0\u00bbleft\u00a0\u00bb background_image_as_pattern=\u00a0\u00bbwithout_pattern\u00a0\u00bb background_color=\u00a0\u00bb#ffffff\u00a0\u00bb border_color=\u00a0\u00bb#eeeeee\u00a0\u00bb z_index=\u00a0\u00bb\u00a0\u00bb][vc_column width=\u00a0\u00bb2\/3&Prime;][vc_empty_space height=\u00a0\u00bb30px\u00a0\u00bb][vc_column_text]Conform\u00e9ment aux dispositions de la r\u00e9glementation en vigueur en mati\u00e8re de Protection des Donn\u00e9es \u00e0 Caract\u00e8re Personnel, nous vous informons que vos donn\u00e9es&#8230;<\/p>\n","protected":false},"author":1,"featured_media":0,"parent":0,"menu_order":40,"comment_status":"open","ping_status":"closed","template":"full_width.php","meta":[],"_links":{"self":[{"href":"https:\/\/greentechbuy.com\/fr\/wp-json\/wp\/v2\/pages\/16873"}],"collection":[{"href":"https:\/\/greentechbuy.com\/fr\/wp-json\/wp\/v2\/pages"}],"about":[{"href":"https:\/\/greentechbuy.com\/fr\/wp-json\/wp\/v2\/types\/page"}],"author":[{"embeddable":true,"href":"https:\/\/greentechbuy.com\/fr\/wp-json\/wp\/v2\/users\/1"}],"replies":[{"embeddable":true,"href":"https:\/\/greentechbuy.com\/fr\/wp-json\/wp\/v2\/comments?post=16873"}],"version-history":[{"count":42,"href":"https:\/\/greentechbuy.com\/fr\/wp-json\/wp\/v2\/pages\/16873\/revisions"}],"predecessor-version":[{"id":17165,"href":"https:\/\/greentechbuy.com\/fr\/wp-json\/wp\/v2\/pages\/16873\/revisions\/17165"}],"wp:attachment":[{"href":"https:\/\/greentechbuy.com\/fr\/wp-json\/wp\/v2\/media?parent=16873"}],"curies":[{"name":"wp","href":"https:\/\/api.w.org\/{rel}","templated":true}]}}